{"id":13,"date":"2025-11-26T00:28:17","date_gmt":"2025-11-26T06:28:17","guid":{"rendered":"https:\/\/haciendaridvan.directorio-comercial.com\/?page_id=13"},"modified":"2025-12-04T04:17:08","modified_gmt":"2025-12-04T10:17:08","slug":"inicio","status":"publish","type":"page","link":"https:\/\/haciendaridvan.directorio-comercial.com\/","title":{"rendered":"Inicio"},"content":{"rendered":"\n<div class=\"wp-block-columns is-layout-flex wp-container-core-columns-is-layout-28f84493 wp-block-columns-is-layout-flex\">\n<div class=\"wp-block-column is-layout-flow wp-block-column-is-layout-flow\" style=\"flex-basis:2%\"><\/div>\n\n\n\n<div class=\"wp-block-column is-layout-flow wp-block-column-is-layout-flow\">\n<div class=\"wp-block-group is-content-justification-center is-nowrap is-layout-flex wp-container-core-group-is-layout-23441af8 wp-block-group-is-layout-flex\">\n<img loading=\"lazy\" decoding=\"async\" width=\"1583\" height=\"635\" data-media-id=\"24\" class=\"gb-media-014711ef\" alt=\"\" src=\"https:\/\/haciendaridvan.directorio-comercial.com\/wp-content\/uploads\/2025\/11\/poster.png\" srcset=\"https:\/\/haciendaridvan.directorio-comercial.com\/wp-content\/uploads\/2025\/11\/poster.png 1583w, https:\/\/haciendaridvan.directorio-comercial.com\/wp-content\/uploads\/2025\/11\/poster-300x120.png 300w, https:\/\/haciendaridvan.directorio-comercial.com\/wp-content\/uploads\/2025\/11\/poster-1024x411.png 1024w, https:\/\/haciendaridvan.directorio-comercial.com\/wp-content\/uploads\/2025\/11\/poster-768x308.png 768w, https:\/\/haciendaridvan.directorio-comercial.com\/wp-content\/uploads\/2025\/11\/poster-1536x616.png 1536w\" sizes=\"auto, (max-width: 1583px) 100vw, 1583px\" \/>\n<\/div>\n<\/div>\n\n\n\n<div class=\"wp-block-column is-layout-flow wp-block-column-is-layout-flow\" style=\"flex-basis:2%\"><\/div>\n<\/div>\n\n\n\n<div style=\"height:20px\" aria-hidden=\"true\" class=\"wp-block-spacer\"><\/div>\n\n\n\n<div class=\"wp-block-group has-global-padding is-layout-constrained wp-block-group-is-layout-constrained\">\n<h1 class=\"gb-text gb-text-cbaf3866\">Conoce un poco de nosotros<\/h1>\n\n\n\n<p class=\"gb-text gb-text-f06215fe\">Hacienda Ridvan es un destino que deber\u00e1s disfrutar. Adem\u00e1s de caba\u00f1as para grupos, temazcales, alberca y lagos, ofrece experiencias \u00fanicas: din\u00e1micas, ecoturismo, reciclaje, granja interactiva, artes, deportes, compostaje, gastronom\u00eda, caminata nocturna y fogata. El plan perfecto para familias, amigos y aventureros.<\/p>\n\n\n\n\n\n\n\n\n<\/div>\n","protected":false},"excerpt":{"rendered":"<p>Conoce un poco de nosotros Hacienda Ridvan es un destino que deber\u00e1s disfrutar. Adem\u00e1s de caba\u00f1as para grupos, temazcales, alberca y lagos, ofrece experiencias \u00fanicas: din\u00e1micas, ecoturismo, reciclaje, granja interactiva, artes, deportes, compostaje, gastronom\u00eda, caminata nocturna y fogata. El plan perfecto para familias, amigos y aventureros.<\/p>\n","protected":false},"author":1,"featured_media":0,"parent":0,"menu_order":0,"comment_status":"closed","ping_status":"closed","template":"page-no-title","meta":{"_acf_changed":false,"footnotes":""},"class_list":["post-13","page","type-page","status-publish","hentry"],"acf":[],"_links":{"self":[{"href":"https:\/\/haciendaridvan.directorio-comercial.com\/index.php?rest_route=\/wp\/v2\/pages\/13","targetHints":{"allow":["GET"]}}],"collection":[{"href":"https:\/\/haciendaridvan.directorio-comercial.com\/index.php?rest_route=\/wp\/v2\/pages"}],"about":[{"href":"https:\/\/haciendaridvan.directorio-comercial.com\/index.php?rest_route=\/wp\/v2\/types\/page"}],"author":[{"embeddable":true,"href":"https:\/\/haciendaridvan.directorio-comercial.com\/index.php?rest_route=\/wp\/v2\/users\/1"}],"replies":[{"embeddable":true,"href":"https:\/\/haciendaridvan.directorio-comercial.com\/index.php?rest_route=%2Fwp%2Fv2%2Fcomments&post=13"}],"version-history":[{"count":5,"href":"https:\/\/haciendaridvan.directorio-comercial.com\/index.php?rest_route=\/wp\/v2\/pages\/13\/revisions"}],"predecessor-version":[{"id":65,"href":"https:\/\/haciendaridvan.directorio-comercial.com\/index.php?rest_route=\/wp\/v2\/pages\/13\/revisions\/65"}],"wp:attachment":[{"href":"https:\/\/haciendaridvan.directorio-comercial.com\/index.php?rest_route=%2Fwp%2Fv2%2Fmedia&parent=13"}],"curies":[{"name":"wp","href":"https:\/\/api.w.org\/{rel}","templated":true}]}}